{"id":41,"date":"2013-12-08T14:00:27","date_gmt":"2013-12-08T13:00:27","guid":{"rendered":"https:\/\/mesec380.com\/?page_id=41"},"modified":"2021-01-18T08:48:46","modified_gmt":"2021-01-18T07:48:46","slug":"tecnic","status":"publish","type":"page","link":"https:\/\/mesec380.com\/?page_id=41","title":{"rendered":"<!--:ca-->TECNIC<!--:--><!--:es-->TECNICO<!--:-->"},"content":{"rendered":"<p><!--:ca--><\/p>\n<p style=\"text-align: center;\"><a href=\"https:\/\/mesec380.com\/wp-content\/uploads\/2013\/12\/simulate-image1.png\"><img loading=\"lazy\" decoding=\"async\" class=\"alignnone size-medium wp-image-357\" src=\"https:\/\/mesec380.com\/wp-content\/uploads\/2013\/12\/simulate-image1-300x212.png\" alt=\"simulate-image\" width=\"300\" height=\"212\" srcset=\"https:\/\/mesec380.com\/wp-content\/uploads\/2013\/12\/simulate-image1-300x212.png 300w, https:\/\/mesec380.com\/wp-content\/uploads\/2013\/12\/simulate-image1-1024x724.png 1024w\" sizes=\"auto, (max-width: 300px) 100vw, 300px\" \/><\/a>\u00a0\u00a0\u00a0 <a href=\"https:\/\/mesec380.com\/wp-content\/uploads\/2014\/02\/bola_pinca.tif.jpg\"><img loading=\"lazy\" decoding=\"async\" class=\"alignnone size-medium wp-image-158\" src=\"https:\/\/mesec380.com\/wp-content\/uploads\/2014\/02\/bola_pinca.tif-300x224.jpg\" alt=\"bola_pinca.tif\" width=\"300\" height=\"224\" srcset=\"https:\/\/mesec380.com\/wp-content\/uploads\/2014\/02\/bola_pinca.tif-300x224.jpg 300w, https:\/\/mesec380.com\/wp-content\/uploads\/2014\/02\/bola_pinca.tif-200x149.jpg 200w, https:\/\/mesec380.com\/wp-content\/uploads\/2014\/02\/bola_pinca.tif.jpg 806w\" sizes=\"auto, (max-width: 300px) 100vw, 300px\" \/><\/a><\/p>\n<p>Disposant de la tecnologia en software CAD-3D:<\/p>\n<ul>\n<li>\n<div>CREO PARAMETRIC 2.0 (PTC license)<\/div>\n<\/li>\n<li>CREO SIMULATE EXTENSION (PTC license)<\/li>\n<li>CREO MECHANISM DYNAMICS\u00a0EXTENSION (PTC license)<\/li>\n<\/ul>\n<p style=\"text-align: left;\">tamb\u00e9\u00a0podem oferir:<\/p>\n<ul>\n<li>\n<div style=\"text-align: left;\">planols t\u00e8cnics<\/div>\n<\/li>\n<li>\n<div style=\"text-align: left;\">presentacions en diferents\u00a0formats .dwg, .pdf, etc.<\/div>\n<\/li>\n<li>\n<div style=\"text-align: left;\">presentacions especials en 3D, &#8220;U3d.pdf&#8221;,\u00a0 exemple:\u00a0 <a href=\"https:\/\/mesec380.com\/wp-content\/uploads\/2013\/12\/UTIL_BOLA_ARTICULABLE.pdf\">UTIL_BOLA_ARTICULABLE<\/a>\u00a0\u00a0(utilitzeu ratol\u00ed, &#8220;Ctrl&#8221;, &#8220;Mayus&#8221;)<\/div>\n<\/li>\n<li>an\u00e0lisi d&#8217;elements infinits, tensi\u00f3 del material, rotura, fatiga, deformacions, etc.<\/li>\n<li>an\u00e0lisi i simulaci\u00f3 de mecanismes din\u00e0mics, c\u00e0cul d\u2019esfor\u00e7os (motors, cilindres,\u2026), fatiga dels elements implicats (eixos, articulacions, palanques, bieles, etc.)<\/li>\n<\/ul>\n<p><iframe loading=\"lazy\"  id=\"_ytid_33029\"  width=\"400\" height=\"300\"  data-origwidth=\"400\" data-origheight=\"300\" src=\"https:\/\/www.youtube.com\/embed\/krO9hB09XIg?enablejsapi=1&#038;autoplay=0&#038;cc_load_policy=0&#038;cc_lang_pref=&#038;iv_load_policy=1&#038;loop=0&#038;rel=1&#038;fs=1&#038;playsinline=0&#038;autohide=2&#038;theme=dark&#038;color=red&#038;controls=1&#038;disablekb=0&#038;\" class=\"__youtube_prefs__  epyt-is-override  no-lazyload\" title=\"YouTube player\"  allow=\"fullscreen; accelerometer; autoplay; clipboard-write; encrypted-media; gyroscope; picture-in-picture; web-share\" referrerpolicy=\"strict-origin-when-cross-origin\" allowfullscreen data-no-lazy=\"1\" data-skipgform_ajax_framebjll=\"\"><\/iframe><\/p>\n<p><!--:--><!--:es--><\/p>\n<p style=\"text-align: center;\"><a href=\"https:\/\/mesec380.com\/wp-content\/uploads\/2013\/12\/simulate-image1.png\"><img loading=\"lazy\" decoding=\"async\" class=\"alignnone size-medium wp-image-357\" src=\"https:\/\/mesec380.com\/wp-content\/uploads\/2013\/12\/simulate-image1-300x212.png\" alt=\"simulate-image\" width=\"300\" height=\"212\" srcset=\"https:\/\/mesec380.com\/wp-content\/uploads\/2013\/12\/simulate-image1-300x212.png 300w, https:\/\/mesec380.com\/wp-content\/uploads\/2013\/12\/simulate-image1-1024x724.png 1024w\" sizes=\"auto, (max-width: 300px) 100vw, 300px\" \/><\/a>\u00a0\u00a0\u00a0 <a href=\"https:\/\/mesec380.com\/wp-content\/uploads\/2014\/02\/bola_pinca.tif.jpg\"><img loading=\"lazy\" decoding=\"async\" class=\"alignnone size-medium wp-image-158\" src=\"https:\/\/mesec380.com\/wp-content\/uploads\/2014\/02\/bola_pinca.tif-300x224.jpg\" alt=\"bola_pinca.tif\" width=\"300\" height=\"224\" srcset=\"https:\/\/mesec380.com\/wp-content\/uploads\/2014\/02\/bola_pinca.tif-300x224.jpg 300w, https:\/\/mesec380.com\/wp-content\/uploads\/2014\/02\/bola_pinca.tif-200x149.jpg 200w, https:\/\/mesec380.com\/wp-content\/uploads\/2014\/02\/bola_pinca.tif.jpg 806w\" sizes=\"auto, (max-width: 300px) 100vw, 300px\" \/><\/a><\/p>\n<p>Disponiendo de la tecnolog\u00eda en software CAD-3D:<\/p>\n<ul>\n<li>\n<div>CREO PARAMETRIC 2.0 (PTC license)<\/div>\n<\/li>\n<li>CREO SIMULATE EXTENSION (PTC license)<\/li>\n<li>CREO MECHANISM DYNAMICS\u00a0EXTENSION (PTC license)<\/li>\n<\/ul>\n<p style=\"text-align: left;\">tambi\u00e9n ofrecemos a nuestros clientes:<\/p>\n<ul>\n<li>\n<div style=\"text-align: left;\">planos t\u00e9cnicos<\/div>\n<\/li>\n<li>\n<div style=\"text-align: left;\">presentaciones en diferentes\u00a0formatos .dwg, .pdf, etc.<\/div>\n<\/li>\n<li>\n<div style=\"text-align: left;\">presentaciones especiales en 3D, &#8220;U3d.pdf&#8221;,\u00a0 ejemplo:\u00a0 <a href=\"https:\/\/mesec380.com\/wp-content\/uploads\/2013\/12\/UTIL_BOLA_ARTICULABLE.pdf\">UTIL_BOLA_ARTICULABLE<\/a>\u00a0\u00a0(utilitzen rat\u00f3n, &#8220;Ctrl&#8221;, &#8220;Mayus&#8221;)<\/div>\n<\/li>\n<li>an\u00e1lisis de elementos infinitos, tensi\u00f3n del material, rotura, fatiga, deformaciones, etc.<\/li>\n<li>an\u00e1lisis\u00a0y simulaci\u00f3n de mecanismos din\u00e1micos, c\u00e1culo de esfuerzos (motores, cilindros,\u2026), fatiga de los elementos implicados (ejes, articulaciones, palancas, bielas, etc.)<\/li>\n<\/ul>\n<p><iframe loading=\"lazy\"  id=\"_ytid_75962\"  width=\"400\" height=\"300\"  data-origwidth=\"400\" data-origheight=\"300\" src=\"https:\/\/www.youtube.com\/embed\/krO9hB09XIg?enablejsapi=1&#038;autoplay=0&#038;cc_load_policy=0&#038;cc_lang_pref=&#038;iv_load_policy=1&#038;loop=0&#038;rel=1&#038;fs=1&#038;playsinline=0&#038;autohide=2&#038;theme=dark&#038;color=red&#038;controls=1&#038;disablekb=0&#038;\" class=\"__youtube_prefs__  epyt-is-override  no-lazyload\" title=\"YouTube player\"  allow=\"fullscreen; accelerometer; autoplay; clipboard-write; encrypted-media; gyroscope; picture-in-picture; web-share\" referrerpolicy=\"strict-origin-when-cross-origin\" allowfullscreen data-no-lazy=\"1\" data-skipgform_ajax_framebjll=\"\"><\/iframe><\/p>\n<p><!--:--><\/p>\n","protected":false},"excerpt":{"rendered":"<p>\u00a0\u00a0\u00a0 Disposant de la tecnologia en software CAD-3D: CREO PARAMETRIC 2.0 (PTC license) CREO SIMULATE EXTENSION (PTC license) CREO MECHANISM DYNAMICS\u00a0EXTENSION (PTC license) tamb\u00e9\u00a0podem oferir: planols t\u00e8cnics presentacions en diferents\u00a0formats .dwg, .pdf, etc. presentacions especials en 3D, &#8220;U3d.pdf&#8221;,\u00a0 exemple:\u00a0 UTIL_BOLA_ARTICULABLE\u00a0\u00a0(utilitzeu ratol\u00ed, &#8220;Ctrl&#8221;, &#8220;Mayus&#8221;) an\u00e0lisi d&#8217;elements infinits, tensi\u00f3 del material, rotura, \u2026<\/p>\n<p class=\"continue-reading-button\"> <a class=\"continue-reading-link\" href=\"https:\/\/mesec380.com\/?page_id=41\">Continue reading<i class=\"crycon-right-dir\"><\/i><\/a><\/p>\n","protected":false},"author":1,"featured_media":0,"parent":0,"menu_order":0,"comment_status":"closed","ping_status":"closed","template":"","meta":{"footnotes":""},"class_list":["post-41","page","type-page","status-publish","hentry"],"_links":{"self":[{"href":"https:\/\/mesec380.com\/index.php?rest_route=\/wp\/v2\/pages\/41","targetHints":{"allow":["GET"]}}],"collection":[{"href":"https:\/\/mesec380.com\/index.php?rest_route=\/wp\/v2\/pages"}],"about":[{"href":"https:\/\/mesec380.com\/index.php?rest_route=\/wp\/v2\/types\/page"}],"author":[{"embeddable":true,"href":"https:\/\/mesec380.com\/index.php?rest_route=\/wp\/v2\/users\/1"}],"replies":[{"embeddable":true,"href":"https:\/\/mesec380.com\/index.php?rest_route=%2Fwp%2Fv2%2Fcomments&post=41"}],"version-history":[{"count":49,"href":"https:\/\/mesec380.com\/index.php?rest_route=\/wp\/v2\/pages\/41\/revisions"}],"predecessor-version":[{"id":646,"href":"https:\/\/mesec380.com\/index.php?rest_route=\/wp\/v2\/pages\/41\/revisions\/646"}],"wp:attachment":[{"href":"https:\/\/mesec380.com\/index.php?rest_route=%2Fwp%2Fv2%2Fmedia&parent=41"}],"curies":[{"name":"wp","href":"https:\/\/api.w.org\/{rel}","templated":true}]}}