{"id":504,"date":"2014-03-27T01:22:59","date_gmt":"2014-03-27T00:22:59","guid":{"rendered":"https:\/\/mesec380.com\/?page_id=504"},"modified":"2014-06-13T11:36:07","modified_gmt":"2014-06-13T10:36:07","slug":"bolartfix-6","status":"publish","type":"page","link":"https:\/\/mesec380.com\/?page_id=504","title":{"rendered":"BOLARTFIX"},"content":{"rendered":"<p><!--:ca--><strong><span style=\"color: #3366ff;\">UTILLATGE ESPECIAL ARTICULABLE, ORIENTABLE I FIXABLE EN MULTIPLES POSICIONS<\/span><\/strong><\/p>\n<h3 style=\"text-align: center;\"><a href=\"https:\/\/mesec380.com\/wp-content\/uploads\/2013\/12\/BOLARTFIX-02.jpg\"><img loading=\"lazy\" decoding=\"async\" class=\"alignnone size-medium wp-image-205\" alt=\"BOLARTFIX-02\" src=\"https:\/\/mesec380.com\/wp-content\/uploads\/2013\/12\/BOLARTFIX-02-300x168.jpg\" width=\"300\" height=\"168\" srcset=\"https:\/\/mesec380.com\/wp-content\/uploads\/2013\/12\/BOLARTFIX-02-300x168.jpg 300w, https:\/\/mesec380.com\/wp-content\/uploads\/2013\/12\/BOLARTFIX-02-1024x576.jpg 1024w\" sizes=\"auto, (max-width: 300px) 100vw, 300px\" \/><\/a> <a href=\"https:\/\/mesec380.com\/wp-content\/uploads\/2013\/12\/00_bolartfix-r_23.jpg\"><img loading=\"lazy\" decoding=\"async\" class=\"alignnone size-medium wp-image-85\" alt=\"00_bolartfix-r_23\" src=\"https:\/\/mesec380.com\/wp-content\/uploads\/2013\/12\/00_bolartfix-r_23-300x212.jpg\" width=\"300\" height=\"212\" srcset=\"https:\/\/mesec380.com\/wp-content\/uploads\/2013\/12\/00_bolartfix-r_23-300x212.jpg 300w, https:\/\/mesec380.com\/wp-content\/uploads\/2013\/12\/00_bolartfix-r_23-1024x724.jpg 1024w\" sizes=\"auto, (max-width: 300px) 100vw, 300px\" \/><\/a><\/h3>\n<p style=\"text-align: left;\">BOLARTFIX, \u00e9s un dispositiu especial que permet la possibilitat d&#8217;orientar i fixar en la posici\u00f3 desitjada, qualsevol altre atifell (utillatge, soport, base, etc.), desenvolupat, dissenyat i creat per MESEC 380.<\/p>\n<p><span style=\"color: #0000ff;\">Ha estat desenvolupat amb la finalitat de millorar el lloc de treball:<\/span><\/p>\n<ul>\n<li>multiple posicionament<\/li>\n<li>seguretat<\/li>\n<li>ergonomia<\/li>\n<li>temps d&#8217;aplicaci\u00f3 reduit<\/li>\n<\/ul>\n<p><span style=\"color: #0000ff;\">El mecanisme t\u00e9 una capacitat de fixaci\u00f3 molt alta, m\u00e9s de 250Nm, en qualsevol posici\u00f3\/direcci\u00f3<\/span> <span style=\"color: #0000ff;\">(p. exe., soportar sense problemes pesos o esfor\u00e7os de m\u00e9s de 50kg. a una dist\u00e0ncia de 500mm del centre de la bola)<\/span><\/p>\n<p><!--:--><!--:es--><\/p>\n<p style=\"text-align: left;\"><strong><span style=\"color: #3366ff;\"> UTILLAJE ESPECIAL ARTICULABLE, ORIENTABLE\u00a0Y FIJABLE EN MULTIPLES POSICIONES<\/span><\/strong><\/p>\n<h3 style=\"text-align: center;\"><a href=\"https:\/\/mesec380.com\/wp-content\/uploads\/2013\/12\/BOLARTFIX-02.jpg\"><img loading=\"lazy\" decoding=\"async\" class=\"alignnone size-medium wp-image-205\" alt=\"BOLARTFIX-02\" src=\"https:\/\/mesec380.com\/wp-content\/uploads\/2013\/12\/BOLARTFIX-02-300x168.jpg\" width=\"300\" height=\"168\" srcset=\"https:\/\/mesec380.com\/wp-content\/uploads\/2013\/12\/BOLARTFIX-02-300x168.jpg 300w, https:\/\/mesec380.com\/wp-content\/uploads\/2013\/12\/BOLARTFIX-02-1024x576.jpg 1024w\" sizes=\"auto, (max-width: 300px) 100vw, 300px\" \/><\/a> <a href=\"https:\/\/mesec380.com\/wp-content\/uploads\/2013\/12\/00_bolartfix-r_23.jpg\"><img loading=\"lazy\" decoding=\"async\" class=\"alignnone size-medium wp-image-85\" alt=\"00_bolartfix-r_23\" src=\"https:\/\/mesec380.com\/wp-content\/uploads\/2013\/12\/00_bolartfix-r_23-300x212.jpg\" width=\"300\" height=\"212\" srcset=\"https:\/\/mesec380.com\/wp-content\/uploads\/2013\/12\/00_bolartfix-r_23-300x212.jpg 300w, https:\/\/mesec380.com\/wp-content\/uploads\/2013\/12\/00_bolartfix-r_23-1024x724.jpg 1024w\" sizes=\"auto, (max-width: 300px) 100vw, 300px\" \/><\/a><\/h3>\n<p style=\"text-align: left;\">BOLARTFIX, \u00e9s un\u00a0aparato especial que permite la posibilidad de orientar\u00a0y fijar en la posici\u00f3n deseada, cualquier otro\u00a0apero (utillaje, soporte, base, &#8230;), desarrollado, dise\u00f1ado\u00a0y creado por MESEC 380.<\/p>\n<p><span style=\"color: #0000ff;\">Se ha\u00a0desarrollado\u00a0con la finalidad\u00a0de mejorar el\u00a0puesto de trabajo:<\/span><\/p>\n<ul>\n<li>multiple posicionamento<\/li>\n<li>seguridad<\/li>\n<li>ergonom\u00eda<\/li>\n<li>reducci\u00f3n del tiempo\u00a0aplicado<\/li>\n<\/ul>\n<p><span style=\"color: #0000ff;\">El mecanismo tiene una capacidad de fijaci\u00f3n muy alta, m\u00e1s de 250Nm, en cualquier posici\u00f3n\/direcci\u00f3n<\/span> <span style=\"color: #0000ff;\">(p. eje., soportar sin problemas pesos o esfuerzos de m\u00e1s de 50kg. a una distancia de 500mm del centro de la bola)<\/span><\/p>\n<p><!--:--><!--more--><\/p>\n<p><!--:ca--><a href=\"https:\/\/mesec380.com\/wp-content\/uploads\/2013\/12\/bolartfix_graus_img_1.png\"><img loading=\"lazy\" decoding=\"async\" class=\"wp-image-283 alignnone\" alt=\"bolartfix_graus_img_1\" src=\"https:\/\/mesec380.com\/wp-content\/uploads\/2013\/12\/bolartfix_graus_img_1-1024x536.png\" width=\"614\" height=\"322\" srcset=\"https:\/\/mesec380.com\/wp-content\/uploads\/2013\/12\/bolartfix_graus_img_1-1024x536.png 1024w, https:\/\/mesec380.com\/wp-content\/uploads\/2013\/12\/bolartfix_graus_img_1-300x157.png 300w, https:\/\/mesec380.com\/wp-content\/uploads\/2013\/12\/bolartfix_graus_img_1.png 1574w\" sizes=\"auto, (max-width: 614px) 100vw, 614px\" \/><\/a><\/p>\n<p><span style=\"color: #0000ff;\">Gr\u00e0cies al disseny de la pin\u00e7a, obtenim una llibertat de moviments molt satisfactoris:<\/span><\/p>\n<ul>\n<li>270\u00ba en l&#8217;eix &#8220;X&#8221; (aprox.)<\/li>\n<li>90\u00ba en l&#8217;eix &#8220;Y&#8221; \u00a0(aprox.)<\/li>\n<li>m\u00e9s de 360\u00ba en l&#8217;eix del v\u00e0stag de la bola<\/li>\n<\/ul>\n<p><span style=\"color: #0000ff;\">Conceptes importants del BOLARTFIX a tenir en compte:<\/span><\/p>\n<ol>\n<li>manipulaci\u00f3 molt suau<\/li>\n<li>tan sols \u00e9s necessari una pressi\u00f3 pneum\u00e0tica de 6 bars<\/li>\n<li>construit amb materials de qualitat<\/li>\n<li>mecanitzat de precisi\u00f3<\/li>\n<li>components estandard nacionals<\/li>\n<li>Absent de materials de fricci\u00f3 i desgast<\/li>\n<li>m\u00ednim manteniment<\/li>\n<li>alta durabilitat<\/li>\n<\/ol>\n<p><span style=\"color: #0000ff;\">Aplicacions del BOLARTFIX:<\/span><\/p>\n<ul>\n<li>Soldadura<\/li>\n<li>Polit, abrillantat, acabat, etc.<\/li>\n<li>Construcci\u00f3, montatge<\/li>\n<li>Reparacions<\/li>\n<li>Modelat, matriceria<\/li>\n<li>Mecanitzat manual<\/li>\n<li>Escultura<\/li>\n<li>Modelisme<\/li>\n<li>Electr\u00f2nica<\/li>\n<li>Maqueteria<\/li>\n<li>etc.<\/li>\n<\/ul>\n<p><span style=\"color: #0000ff;\">Dins d&#8217;aquestes possibilitats, hi podem acoplar qualsevol atifell secundari o pe\u00e7a directament:<\/span><\/p>\n<ul>\n<li>Base, soport, utillatge<\/li>\n<li>Cargol de banc, morda\u00e7a, pin\u00e7a, etc.<\/li>\n<li>Motlle, matriu<\/li>\n<li>Pe\u00e7a a mecanitzar o retreballar<\/li>\n<li>Bloc de fusta, marbre, guix, etc.<\/li>\n<li>Maqueta<\/li>\n<li>etc.<\/li>\n<\/ul>\n<p><code>\t\t\t\t\t<div class=\"gallery_box_single\">\n\t\t\t\t\t\t<p class=\"not_found\">Sorry, nothing found.<\/p>\n\t\t\t\t\t<\/div><!-- .gallery_box_single -->\n\t\t\t\t\t<\/code><\/p>\n<p><!--:--><!--:es--><a href=\"https:\/\/mesec380.com\/wp-content\/uploads\/2013\/12\/bolartfix_graus_img_1.png\"><img loading=\"lazy\" decoding=\"async\" class=\"wp-image-283 alignnone\" alt=\"bolartfix_graus_img_1\" src=\"https:\/\/mesec380.com\/wp-content\/uploads\/2013\/12\/bolartfix_graus_img_1-1024x536.png\" width=\"614\" height=\"322\" srcset=\"https:\/\/mesec380.com\/wp-content\/uploads\/2013\/12\/bolartfix_graus_img_1-1024x536.png 1024w, https:\/\/mesec380.com\/wp-content\/uploads\/2013\/12\/bolartfix_graus_img_1-300x157.png 300w, https:\/\/mesec380.com\/wp-content\/uploads\/2013\/12\/bolartfix_graus_img_1.png 1574w\" sizes=\"auto, (max-width: 614px) 100vw, 614px\" \/><\/a><\/p>\n<p><span style=\"color: #0000ff;\">Gracias al dise\u00f1o de la pinza, obtenemos una libertad de movimentos muy satisfactorios:<\/span><\/p>\n<ul>\n<li>270\u00ba en el eje &#8220;X&#8221; (aprox.)<\/li>\n<li>90\u00ba en el eje &#8220;Y&#8221; \u00a0(aprox.)<\/li>\n<li>m\u00e1s de 360\u00ba en el eje del v\u00e1stago de la bola<\/li>\n<\/ul>\n<p><span style=\"color: #0000ff;\">Conceptos importantes a tener en cuenta del BOLARTFIX:<\/span><\/p>\n<ol>\n<li>manipulaci\u00f3n muy suave<\/li>\n<li>unicamente \u00e9s necessario una presi\u00f3n neum\u00e1tica de 6 bars<\/li>\n<li>construido a partir de\u00a0materiales de calidad<\/li>\n<li>mecanizado de precisi\u00f3n<\/li>\n<li>componentes estandard nacionales<\/li>\n<li>Ausencia de materiales de fricci\u00f3n\u00a0y desgaste<\/li>\n<li>m\u00ednimo mantenimento<\/li>\n<li>alta durabilidad<\/li>\n<\/ol>\n<p><span style=\"color: #0000ff;\">Aplicaciones del BOLARTFIX:<\/span><\/p>\n<ul>\n<li>Soldadura<\/li>\n<li>Pulido, abrillantado, acabado, etc.<\/li>\n<li>Construcci\u00f3n, montaje<\/li>\n<li>Reparaciones<\/li>\n<li>Moldeado, matricer\u00eda<\/li>\n<li>Mecanizado manual<\/li>\n<li>Escultura<\/li>\n<li>Modelismo<\/li>\n<li>Electr\u00f2nica<\/li>\n<li>Maqueter\u00eda<\/li>\n<li>etc.<\/li>\n<\/ul>\n<p><span style=\"color: #0000ff;\">Con estas\u00a0posibilidades,\u00a0le podemos acoplar cualquier\u00a0apero secundario o pieza directamente:<\/span><\/p>\n<ul>\n<li>Base, soporte, utillaje<\/li>\n<li>Tornillo\u00a0de banco, mordaza, pinza, etc.<\/li>\n<li>Molde, matriz<\/li>\n<li>Pieza a mecanizar o retrabajar<\/li>\n<li>Bloque de madera, m\u00e1rmol, yeso, etc.<\/li>\n<li>Maqueta<\/li>\n<li>etc.<\/li>\n<\/ul>\n<p><code>\t\t\t\t\t<div class=\"gallery_box_single\">\n\t\t\t\t\t\t<p class=\"not_found\">Sorry, nothing found.<\/p>\n\t\t\t\t\t<\/div><!-- .gallery_box_single -->\n\t\t\t\t\t<\/code><\/p>\n<p><!--:--><\/p>\n","protected":false},"excerpt":{"rendered":"<p>UTILLATGE ESPECIAL ARTICULABLE, ORIENTABLE I FIXABLE EN MULTIPLES POSICIONS BOLARTFIX, \u00e9s un dispositiu especial que permet la possibilitat d&#8217;orientar i fixar en la posici\u00f3 desitjada, qualsevol altre atifell (utillatge, soport, base, etc.), desenvolupat, dissenyat i creat per MESEC 380. Ha estat desenvolupat amb la finalitat de millorar el lloc de \u2026<\/p>\n<p class=\"continue-reading-button\"> <a class=\"continue-reading-link\" href=\"https:\/\/mesec380.com\/?page_id=504\">Continue reading<i class=\"crycon-right-dir\"><\/i><\/a><\/p>\n","protected":false},"author":1,"featured_media":0,"parent":0,"menu_order":0,"comment_status":"closed","ping_status":"closed","template":"","meta":{"footnotes":""},"class_list":["post-504","page","type-page","status-publish","hentry"],"_links":{"self":[{"href":"https:\/\/mesec380.com\/index.php?rest_route=\/wp\/v2\/pages\/504","targetHints":{"allow":["GET"]}}],"collection":[{"href":"https:\/\/mesec380.com\/index.php?rest_route=\/wp\/v2\/pages"}],"about":[{"href":"https:\/\/mesec380.com\/index.php?rest_route=\/wp\/v2\/types\/page"}],"author":[{"embeddable":true,"href":"https:\/\/mesec380.com\/index.php?rest_route=\/wp\/v2\/users\/1"}],"replies":[{"embeddable":true,"href":"https:\/\/mesec380.com\/index.php?rest_route=%2Fwp%2Fv2%2Fcomments&post=504"}],"version-history":[{"count":17,"href":"https:\/\/mesec380.com\/index.php?rest_route=\/wp\/v2\/pages\/504\/revisions"}],"predecessor-version":[{"id":639,"href":"https:\/\/mesec380.com\/index.php?rest_route=\/wp\/v2\/pages\/504\/revisions\/639"}],"wp:attachment":[{"href":"https:\/\/mesec380.com\/index.php?rest_route=%2Fwp%2Fv2%2Fmedia&parent=504"}],"curies":[{"name":"wp","href":"https:\/\/api.w.org\/{rel}","templated":true}]}}