{"id":71,"date":"2013-12-08T20:18:39","date_gmt":"2013-12-08T19:18:39","guid":{"rendered":"https:\/\/mesec380.com\/?page_id=71"},"modified":"2021-03-22T12:01:49","modified_gmt":"2021-03-22T11:01:49","slug":"presentacio","status":"publish","type":"page","link":"https:\/\/mesec380.com\/","title":{"rendered":"HOME"},"content":{"rendered":"<blockquote>\n<p><span style=\"color: #333399;\">MESEC 380, us dona la benvinguda a la seva web,\u00a0<\/span><span style=\"color: #333399;\">esperant que trobeu\u00a0interesant el contingut d&#8217;aquesta i\u00a0la seva informaci\u00f3, <\/span><\/p>\n<p><span style=\"color: #333399;\">agrair-vos la vostra visita.<\/span><\/p>\n<\/blockquote>\n<div id=\"attachment_163\" style=\"width: 279px\" class=\"wp-caption alignleft\"><a href=\"https:\/\/mesec380.com\/PROJECTES\"><img loading=\"lazy\" decoding=\"async\" aria-describedby=\"caption-attachment-163\" class=\" wp-image-163     \" title=\"PROJECTES\" src=\"https:\/\/mesec380.com\/wp-content\/uploads\/2014\/02\/02_tau_cuna-300x212.jpg\" alt=\"02_tau_cuna\" width=\"269\" height=\"188\" \/><\/a><p id=\"caption-attachment-163\" class=\"wp-caption-text\">PROJECTES<\/p><\/div>\n<p>\u00a0<\/p>\n<div id=\"attachment_179\" style=\"width: 279px\" class=\"wp-caption alignleft\"><a href=\"https:\/\/mesec380.com\/TECNIC\"><img loading=\"lazy\" decoding=\"async\" aria-describedby=\"caption-attachment-179\" class=\" wp-image-179      \" title=\"TECNIC\" src=\"https:\/\/mesec380.com\/wp-content\/uploads\/2013\/12\/simulate-300x212.jpg\" alt=\"simulate\" width=\"269\" height=\"188\" \/><\/a><p id=\"caption-attachment-179\" class=\"wp-caption-text\">TECNIC<\/p><\/div>\n<p>\u00a0<\/p>\n<div id=\"attachment_84\" style=\"width: 279px\" class=\"wp-caption alignleft\"><a href=\"https:\/\/mesec380.com\/bolartfix\"><img loading=\"lazy\" decoding=\"async\" aria-describedby=\"caption-attachment-84\" class=\"wp-image-84      \" title=\"BOLARTFIX\" src=\"https:\/\/mesec380.com\/wp-content\/uploads\/2013\/12\/00_bolartfix-r_22-300x212.jpg\" alt=\"00_bolartfix-r_22\" width=\"269\" height=\"188\" \/><\/a><p id=\"caption-attachment-84\" class=\"wp-caption-text\">BOLARTFIX<\/p><\/div>\n<p>&#8230;&#8230;&#8230;&#8230;&#8230;&#8230;&#8230;&#8230;&#8230;&#8230;&#8230;&#8230;&#8230;&#8230;&#8230;&#8230;&#8230;&#8230;&#8230;&#8230;&#8230;&#8230;&#8230;&#8230;&#8230;&#8230;&#8230;&#8230;&#8230;&#8230;&#8230;&#8230;&#8230;&#8230;&#8230;&#8230;&#8230;&#8230;&#8230;&#8230;&#8230;&#8230;&#8230;&#8230;&#8230;&#8230;&#8230;&#8230;&#8230;&#8230;&#8230;&#8230;&#8230;&#8230;&#8230;&#8230;&#8230;&#8230;&#8230;&#8230;<\/p>\n<p>MESEC 380 ofereix als seus clients:<\/p>\n<ul>\n<li>realitzaci\u00f3 de projectes.<\/li>\n<li>disseny de planols i presentacions.<\/li>\n<li>creaci\u00f3 de maquin\u00e0ria, amb seguiment de la seva evoluci\u00f3 (construcci\u00f3, montatge, instalaci\u00f3,&#8230;)<\/li>\n<li>an\u00e0lisi i simulaci\u00f3 de mecanismes din\u00e0mics, c\u00e0cul d&#8217;esfor\u00e7os (motors, cilindres,&#8230;), fatiga dels elements implicats (eixos, articulacions, palanques, bieles, etc.)<\/li>\n<li>an\u00e0lisi i simulaci\u00f3\u00a0d&#8217;elements infinits, tensions del material, fatiga, deformacions, etc.<\/li>\n<li>productes propis (BOLARTFIX).<\/li>\n<\/ul>\n<p style=\"text-align: left;\">Disposant de la tecnologia en disseny CAD-3D:<\/p>\n<ul>\n<li>\n<div style=\"text-align: left;\">CREO PARAMETRIC 2.0 (PTC license)<\/div>\n<\/li>\n<li>CREO SIMULATE EXTENSION (PTC license)<\/li>\n<li>CREO MECHANISM DYNAMICS\u00a0EXTENSION (PTC license)<\/li>\n<\/ul>\n\n\n<p>.<\/p>\n","protected":false},"excerpt":{"rendered":"<p>MESEC 380, us dona la benvinguda a la seva web,\u00a0esperant que trobeu\u00a0interesant el contingut d&#8217;aquesta i\u00a0la seva informaci\u00f3, agrair-vos la vostra visita. \u00a0 \u00a0 &#8230;&#8230;&#8230;&#8230;&#8230;&#8230;&#8230;&#8230;&#8230;&#8230;&#8230;&#8230;&#8230;&#8230;&#8230;&#8230;&#8230;&#8230;&#8230;&#8230;&#8230;&#8230;&#8230;&#8230;&#8230;&#8230;&#8230;&#8230;&#8230;&#8230;&#8230;&#8230;&#8230;&#8230;&#8230;&#8230;&#8230;&#8230;&#8230;&#8230;&#8230;&#8230;&#8230;&#8230;&#8230;&#8230;&#8230;&#8230;&#8230;&#8230;&#8230;&#8230;&#8230;&#8230;&#8230;&#8230;&#8230;&#8230;&#8230;&#8230; MESEC 380 ofereix als seus clients: realitzaci\u00f3 de projectes. disseny de planols i presentacions. creaci\u00f3 de maquin\u00e0ria, amb seguiment de la seva evoluci\u00f3 (construcci\u00f3, montatge, \u2026<\/p>\n<p class=\"continue-reading-button\"> <a class=\"continue-reading-link\" href=\"https:\/\/mesec380.com\/\">Continue reading<i class=\"crycon-right-dir\"><\/i><\/a><\/p>\n","protected":false},"author":1,"featured_media":0,"parent":0,"menu_order":0,"comment_status":"closed","ping_status":"closed","template":"templates\/template-onecolumn.php","meta":{"footnotes":""},"class_list":["post-71","page","type-page","status-publish","hentry"],"_links":{"self":[{"href":"https:\/\/mesec380.com\/index.php?rest_route=\/wp\/v2\/pages\/71","targetHints":{"allow":["GET"]}}],"collection":[{"href":"https:\/\/mesec380.com\/index.php?rest_route=\/wp\/v2\/pages"}],"about":[{"href":"https:\/\/mesec380.com\/index.php?rest_route=\/wp\/v2\/types\/page"}],"author":[{"embeddable":true,"href":"https:\/\/mesec380.com\/index.php?rest_route=\/wp\/v2\/users\/1"}],"replies":[{"embeddable":true,"href":"https:\/\/mesec380.com\/index.php?rest_route=%2Fwp%2Fv2%2Fcomments&post=71"}],"version-history":[{"count":76,"href":"https:\/\/mesec380.com\/index.php?rest_route=\/wp\/v2\/pages\/71\/revisions"}],"predecessor-version":[{"id":659,"href":"https:\/\/mesec380.com\/index.php?rest_route=\/wp\/v2\/pages\/71\/revisions\/659"}],"wp:attachment":[{"href":"https:\/\/mesec380.com\/index.php?rest_route=%2Fwp%2Fv2%2Fmedia&parent=71"}],"curies":[{"name":"wp","href":"https:\/\/api.w.org\/{rel}","templated":true}]}}